{"id":2200,"date":"2020-04-30T10:59:54","date_gmt":"2020-04-30T10:59:54","guid":{"rendered":"http:\/\/www.icelandiclamb.is\/about-us\/"},"modified":"2025-10-23T14:23:25","modified_gmt":"2025-10-23T14:23:25","slug":"um-okkur","status":"publish","type":"page","link":"https:\/\/www.icelandiclamb.is\/is\/um-okkur\/","title":{"rendered":"Um okkur"},"content":{"rendered":"\t\t<div data-elementor-type=\"wp-page\" data-elementor-id=\"2200\" class=\"elementor elementor-2200 elementor-1524\" data-elementor-post-type=\"page\">\n\t\t\t\t\t\t<section class=\"elementor-section elementor-top-section elementor-element elementor-element-42202fe elementor-section-height-min-height elementor-section-boxed elementor-section-height-default elementor-section-items-middle\" data-id=\"42202fe\" data-element_type=\"section\" data-e-type=\"section\" data-settings=\"{&quot;background_background&quot;:&quot;classic&quot;}\">\n\t\t\t\t\t\t\t<div class=\"elementor-background-overlay\"><\/div>\n\t\t\t\t\t\t\t<div class=\"elementor-container elementor-column-gap-default\">\n\t\t\t\t\t<div class=\"elementor-column elementor-col-100 elementor-top-column elementor-element elementor-element-a54e6bf\" data-id=\"a54e6bf\" data-element_type=\"column\" data-e-type=\"column\">\n\t\t\t<div class=\"elementor-widget-wrap elementor-element-populated\">\n\t\t\t\t\t\t<div class=\"elementor-element elementor-element-5e2183a animated-slow elementor-invisible elementor-widget elementor-widget-heading\" data-id=\"5e2183a\" data-element_type=\"widget\" data-e-type=\"widget\" data-settings=\"{&quot;_animation&quot;:&quot;fadeInDown&quot;}\" data-widget_type=\"heading.default\">\n\t\t\t\t<div class=\"elementor-widget-container\">\n\t\t\t\t\t<h1 class=\"elementor-heading-title elementor-size-default\">Um okkur<\/h1>\t\t\t\t<\/div>\n\t\t\t\t<\/div>\n\t\t\t\t<div class=\"elementor-element elementor-element-85812f8 animated-slow elementor-invisible elementor-widget elementor-widget-text-editor\" data-id=\"85812f8\" data-element_type=\"widget\" data-e-type=\"widget\" data-settings=\"{&quot;_animation&quot;:&quot;fadeInUp&quot;}\" data-widget_type=\"text-editor.default\">\n\t\t\t\t<div class=\"elementor-widget-container\">\n\t\t\t\t\t\t\t\t\t<p>Icelandic Lamb er marka\u00f0sstofa sem vinnur a\u00f0 auknu vir\u00f0i sau\u00f0fj\u00e1rafur\u00f0a skv. 10. gr. samnings um starfsskilyr\u00f0i sau\u00f0fj\u00e1rr\u00e6ktar fr\u00e1 19. febr\u00faar 2016 sem ger\u00f0ur var milli B\u00e6ndasamtaka \u00cdslands, sj\u00e1var\u00fatvegs- og landb\u00fana\u00f0arr\u00e1\u00f0herra og fj\u00e1rm\u00e1la- og efnahagsr\u00e1\u00f0herra. Icelandic Lamb er framkv\u00e6mdara\u00f0ili verkefnisins, sem er til 10 \u00e1ra, \u00ed umbo\u00f0i Marka\u00f0sr\u00e1\u00f0s kindakj\u00f6ts. \u00cd Marka\u00f0sr\u00e1\u00f0i kindakj\u00f6ts sitja fulltr\u00faar b\u00e6nda og afur\u00f0ast\u00f6\u00f0va, \u00fe.e. B\u00e6ndasamtaka \u00cdslands, Landssamtaka sau\u00f0fj\u00e1rb\u00e6nda og Landssamtaka sl\u00e1turleyfishafa. Icelandic Lamb telur a\u00f0 me\u00f0 auknu vir\u00f0i \u00edslensks lambakj\u00f6ts s\u00e9 stu\u00f0la\u00f0 a\u00f0 b\u00e6ttum hag allra \u00ed vir\u00f0iske\u00f0junni og leggur \u00ed \u00fev\u00ed samhengi s\u00e9rstaka \u00e1herslu \u00e1 a\u00f0 eiga fars\u00e6lt samstarf me\u00f0 afur\u00f0ast\u00f6\u00f0vum, veitingah\u00fasum og \u00f6\u00f0rum hluta\u00f0eigandi.<\/p>\t\t\t\t\t\t\t\t<\/div>\n\t\t\t\t<\/div>\n\t\t\t\t\t<\/div>\n\t\t<\/div>\n\t\t\t\t\t<\/div>\n\t\t<\/section>\n\t\t\t\t<\/div>\n\t\t","protected":false},"excerpt":{"rendered":"<p>Um okkur Icelandic Lamb er marka\u00f0sstofa sem vinnur a\u00f0 auknu vir\u00f0i sau\u00f0fj\u00e1rafur\u00f0a skv. 10. gr. samnings um starfsskilyr\u00f0i sau\u00f0fj\u00e1rr\u00e6ktar fr\u00e1 19. febr\u00faar 2016 sem ger\u00f0ur var milli B\u00e6ndasamtaka \u00cdslands, sj\u00e1var\u00fatvegs- og landb\u00fana\u00f0arr\u00e1\u00f0herra og fj\u00e1rm\u00e1la- og efnahagsr\u00e1\u00f0herra. Icelandic Lamb er framkv\u00e6mdara\u00f0ili verkefnisins, sem er til 10 \u00e1ra, \u00ed umbo\u00f0i Marka\u00f0sr\u00e1\u00f0s kindakj\u00f6ts. \u00cd Marka\u00f0sr\u00e1\u00f0i kindakj\u00f6ts sitja fulltr\u00faar [&hellip;]<\/p>\n","protected":false},"author":5,"featured_media":0,"parent":0,"menu_order":0,"comment_status":"closed","ping_status":"closed","template":"elementor_header_footer","meta":{"footnotes":""},"class_list":["post-2200","page","type-page","status-publish","hentry"],"yoast_head":"<!-- This site is optimized with the Yoast SEO plugin v27.5 - https:\/\/yoast.com\/product\/yoast-seo-wordpress\/ -->\n<title>Um okkur - Icelandic Lamb<\/title>\n<meta name=\"description\" content=\"Building a brand with our collective mark and working on product identification for Icelandic lamb on the relevant markets we encourage value creation in the sector.\" \/>\n<meta name=\"robots\" content=\"index, follow, max-snippet:-1, max-image-preview:large, max-video-preview:-1\" \/>\n<link rel=\"canonical\" href=\"https:\/\/www.icelandiclamb.is\/is\/um-okkur\/\" \/>\n<meta property=\"og:locale\" content=\"is_IS\" \/>\n<meta property=\"og:type\" content=\"article\" \/>\n<meta property=\"og:title\" content=\"Um okkur - Icelandic Lamb\" \/>\n<meta property=\"og:description\" content=\"Icelandic Lamb is a cooperative of lamb producers, farmers and abattoirs in Iceland safeguarding, protecting and promoting Icelandic lamb.\" \/>\n<meta property=\"og:url\" content=\"https:\/\/www.icelandiclamb.is\/is\/um-okkur\/\" \/>\n<meta property=\"og:site_name\" content=\"Icelandic Lamb\" \/>\n<meta property=\"article:modified_time\" content=\"2025-10-23T14:23:25+00:00\" \/>\n<meta property=\"og:image\" content=\"https:\/\/www.icelandiclamb.is\/wp-content\/uploads\/2020\/03\/IMG_9009.jpg\" \/>\n\t<meta property=\"og:image:width\" content=\"1500\" \/>\n\t<meta property=\"og:image:height\" content=\"981\" \/>\n\t<meta property=\"og:image:type\" content=\"image\/jpeg\" \/>\n<meta name=\"twitter:card\" content=\"summary_large_image\" \/>\n<meta name=\"twitter:label1\" content=\"Est. reading time\" \/>\n\t<meta name=\"twitter:data1\" content=\"1 minute\" \/>\n<script type=\"application\/ld+json\" class=\"yoast-schema-graph\">{\"@context\":\"https:\\\/\\\/schema.org\",\"@graph\":[{\"@type\":\"WebPage\",\"@id\":\"https:\\\/\\\/www.icelandiclamb.is\\\/is\\\/um-okkur\\\/\",\"url\":\"https:\\\/\\\/www.icelandiclamb.is\\\/is\\\/um-okkur\\\/\",\"name\":\"Um okkur - Icelandic Lamb\",\"isPartOf\":{\"@id\":\"https:\\\/\\\/www.icelandiclamb.is\\\/is\\\/#website\"},\"datePublished\":\"2020-04-30T10:59:54+00:00\",\"dateModified\":\"2025-10-23T14:23:25+00:00\",\"description\":\"Building a brand with our collective mark and working on product identification for Icelandic lamb on the relevant markets we encourage value creation in the sector.\",\"breadcrumb\":{\"@id\":\"https:\\\/\\\/www.icelandiclamb.is\\\/is\\\/um-okkur\\\/#breadcrumb\"},\"inLanguage\":\"is\",\"potentialAction\":[{\"@type\":\"ReadAction\",\"target\":[\"https:\\\/\\\/www.icelandiclamb.is\\\/is\\\/um-okkur\\\/\"]}]},{\"@type\":\"BreadcrumbList\",\"@id\":\"https:\\\/\\\/www.icelandiclamb.is\\\/is\\\/um-okkur\\\/#breadcrumb\",\"itemListElement\":[{\"@type\":\"ListItem\",\"position\":1,\"name\":\"Home\",\"item\":\"https:\\\/\\\/www.icelandiclamb.is\\\/is\\\/\"},{\"@type\":\"ListItem\",\"position\":2,\"name\":\"Um okkur\"}]},{\"@type\":\"WebSite\",\"@id\":\"https:\\\/\\\/www.icelandiclamb.is\\\/is\\\/#website\",\"url\":\"https:\\\/\\\/www.icelandiclamb.is\\\/is\\\/\",\"name\":\"Icelandic Lamb\",\"description\":\"\",\"publisher\":{\"@id\":\"https:\\\/\\\/www.icelandiclamb.is\\\/is\\\/#organization\"},\"potentialAction\":[{\"@type\":\"SearchAction\",\"target\":{\"@type\":\"EntryPoint\",\"urlTemplate\":\"https:\\\/\\\/www.icelandiclamb.is\\\/is\\\/?s={search_term_string}\"},\"query-input\":{\"@type\":\"PropertyValueSpecification\",\"valueRequired\":true,\"valueName\":\"search_term_string\"}}],\"inLanguage\":\"is\"},{\"@type\":\"Organization\",\"@id\":\"https:\\\/\\\/www.icelandiclamb.is\\\/is\\\/#organization\",\"name\":\"Icelandic Lamb\",\"url\":\"https:\\\/\\\/www.icelandiclamb.is\\\/is\\\/\",\"logo\":{\"@type\":\"ImageObject\",\"inLanguage\":\"is\",\"@id\":\"https:\\\/\\\/www.icelandiclamb.is\\\/is\\\/#\\\/schema\\\/logo\\\/image\\\/\",\"url\":\"https:\\\/\\\/www.icelandiclamb.is\\\/wp-content\\\/uploads\\\/2020\\\/02\\\/icelandic-lamb-logo-white.png\",\"contentUrl\":\"https:\\\/\\\/www.icelandiclamb.is\\\/wp-content\\\/uploads\\\/2020\\\/02\\\/icelandic-lamb-logo-white.png\",\"width\":250,\"height\":201,\"caption\":\"Icelandic Lamb\"},\"image\":{\"@id\":\"https:\\\/\\\/www.icelandiclamb.is\\\/is\\\/#\\\/schema\\\/logo\\\/image\\\/\"}}]}<\/script>\n<!-- \/ Yoast SEO plugin. -->","yoast_head_json":{"title":"Um okkur - Icelandic Lamb","description":"Building a brand with our collective mark and working on product identification for Icelandic lamb on the relevant markets we encourage value creation in the sector.","robots":{"index":"index","follow":"follow","max-snippet":"max-snippet:-1","max-image-preview":"max-image-preview:large","max-video-preview":"max-video-preview:-1"},"canonical":"https:\/\/www.icelandiclamb.is\/is\/um-okkur\/","og_locale":"is_IS","og_type":"article","og_title":"Um okkur - Icelandic Lamb","og_description":"Icelandic Lamb is a cooperative of lamb producers, farmers and abattoirs in Iceland safeguarding, protecting and promoting Icelandic lamb.","og_url":"https:\/\/www.icelandiclamb.is\/is\/um-okkur\/","og_site_name":"Icelandic Lamb","article_modified_time":"2025-10-23T14:23:25+00:00","og_image":[{"width":1500,"height":981,"url":"https:\/\/www.icelandiclamb.is\/wp-content\/uploads\/2020\/03\/IMG_9009.jpg","type":"image\/jpeg"}],"twitter_card":"summary_large_image","twitter_misc":{"Est. reading time":"1 minute"},"schema":{"@context":"https:\/\/schema.org","@graph":[{"@type":"WebPage","@id":"https:\/\/www.icelandiclamb.is\/is\/um-okkur\/","url":"https:\/\/www.icelandiclamb.is\/is\/um-okkur\/","name":"Um okkur - Icelandic Lamb","isPartOf":{"@id":"https:\/\/www.icelandiclamb.is\/is\/#website"},"datePublished":"2020-04-30T10:59:54+00:00","dateModified":"2025-10-23T14:23:25+00:00","description":"Building a brand with our collective mark and working on product identification for Icelandic lamb on the relevant markets we encourage value creation in the sector.","breadcrumb":{"@id":"https:\/\/www.icelandiclamb.is\/is\/um-okkur\/#breadcrumb"},"inLanguage":"is","potentialAction":[{"@type":"ReadAction","target":["https:\/\/www.icelandiclamb.is\/is\/um-okkur\/"]}]},{"@type":"BreadcrumbList","@id":"https:\/\/www.icelandiclamb.is\/is\/um-okkur\/#breadcrumb","itemListElement":[{"@type":"ListItem","position":1,"name":"Home","item":"https:\/\/www.icelandiclamb.is\/is\/"},{"@type":"ListItem","position":2,"name":"Um okkur"}]},{"@type":"WebSite","@id":"https:\/\/www.icelandiclamb.is\/is\/#website","url":"https:\/\/www.icelandiclamb.is\/is\/","name":"Icelandic Lamb","description":"","publisher":{"@id":"https:\/\/www.icelandiclamb.is\/is\/#organization"},"potentialAction":[{"@type":"SearchAction","target":{"@type":"EntryPoint","urlTemplate":"https:\/\/www.icelandiclamb.is\/is\/?s={search_term_string}"},"query-input":{"@type":"PropertyValueSpecification","valueRequired":true,"valueName":"search_term_string"}}],"inLanguage":"is"},{"@type":"Organization","@id":"https:\/\/www.icelandiclamb.is\/is\/#organization","name":"Icelandic Lamb","url":"https:\/\/www.icelandiclamb.is\/is\/","logo":{"@type":"ImageObject","inLanguage":"is","@id":"https:\/\/www.icelandiclamb.is\/is\/#\/schema\/logo\/image\/","url":"https:\/\/www.icelandiclamb.is\/wp-content\/uploads\/2020\/02\/icelandic-lamb-logo-white.png","contentUrl":"https:\/\/www.icelandiclamb.is\/wp-content\/uploads\/2020\/02\/icelandic-lamb-logo-white.png","width":250,"height":201,"caption":"Icelandic Lamb"},"image":{"@id":"https:\/\/www.icelandiclamb.is\/is\/#\/schema\/logo\/image\/"}}]}},"_links":{"self":[{"href":"https:\/\/www.icelandiclamb.is\/is\/wp-json\/wp\/v2\/pages\/2200","targetHints":{"allow":["GET"]}}],"collection":[{"href":"https:\/\/www.icelandiclamb.is\/is\/wp-json\/wp\/v2\/pages"}],"about":[{"href":"https:\/\/www.icelandiclamb.is\/is\/wp-json\/wp\/v2\/types\/page"}],"author":[{"embeddable":true,"href":"https:\/\/www.icelandiclamb.is\/is\/wp-json\/wp\/v2\/users\/5"}],"replies":[{"embeddable":true,"href":"https:\/\/www.icelandiclamb.is\/is\/wp-json\/wp\/v2\/comments?post=2200"}],"version-history":[{"count":0,"href":"https:\/\/www.icelandiclamb.is\/is\/wp-json\/wp\/v2\/pages\/2200\/revisions"}],"wp:attachment":[{"href":"https:\/\/www.icelandiclamb.is\/is\/wp-json\/wp\/v2\/media?parent=2200"}],"curies":[{"name":"wp","href":"https:\/\/api.w.org\/{rel}","templated":true}]}}