{"id":2563,"date":"2021-05-10T11:13:08","date_gmt":"2021-05-10T11:13:08","guid":{"rendered":"http:\/\/www.icelandiclamb.is\/?page_id=2563"},"modified":"2021-09-07T14:06:11","modified_gmt":"2021-09-07T14:06:11","slug":"frettir","status":"publish","type":"page","link":"https:\/\/www.icelandiclamb.is\/is\/frettir\/","title":{"rendered":"Fr\u00e9ttir"},"content":{"rendered":"\t\t<div data-elementor-type=\"wp-page\" data-elementor-id=\"2563\" class=\"elementor elementor-2563 elementor-30\" data-elementor-post-type=\"page\">\n\t\t\t\t\t\t<section class=\"elementor-section elementor-top-section elementor-element elementor-element-5a2cb2b elementor-section-height-min-height elementor-section-boxed elementor-section-height-default elementor-section-items-middle\" data-id=\"5a2cb2b\" data-element_type=\"section\" data-e-type=\"section\" data-settings=\"{&quot;background_background&quot;:&quot;classic&quot;}\">\n\t\t\t\t\t\t\t<div class=\"elementor-background-overlay\"><\/div>\n\t\t\t\t\t\t\t<div class=\"elementor-container elementor-column-gap-default\">\n\t\t\t\t\t<div class=\"elementor-column elementor-col-100 elementor-top-column elementor-element elementor-element-bfe82b9\" data-id=\"bfe82b9\" data-element_type=\"column\" data-e-type=\"column\">\n\t\t\t<div class=\"elementor-widget-wrap elementor-element-populated\">\n\t\t\t\t\t\t<div class=\"elementor-element elementor-element-0553871 animated-slow elementor-invisible elementor-widget elementor-widget-heading\" data-id=\"0553871\" data-element_type=\"widget\" data-e-type=\"widget\" data-settings=\"{&quot;_animation&quot;:&quot;fadeInDown&quot;}\" data-widget_type=\"heading.default\">\n\t\t\t\t<div class=\"elementor-widget-container\">\n\t\t\t\t\t<h1 class=\"elementor-heading-title elementor-size-default\">FR\u00c9TTIR\n<\/h1>\t\t\t\t<\/div>\n\t\t\t\t<\/div>\n\t\t\t\t<div class=\"elementor-element elementor-element-79d66f4 animated-slow elementor-invisible elementor-widget elementor-widget-text-editor\" data-id=\"79d66f4\" data-element_type=\"widget\" data-e-type=\"widget\" data-settings=\"{&quot;_animation&quot;:&quot;fadeInUp&quot;}\" data-widget_type=\"text-editor.default\">\n\t\t\t\t<div class=\"elementor-widget-container\">\n\t\t\t\t\t\t\t\t\t<div class=\"ni8dbmo4 stjgntxs g5ia77u1 ii04i59q j83agx80 cbu4d94t ll8tlv6m\" data-testid=\"messenger_incoming_text_row\"><div class=\"l60d2q6s d1544ag0 sj5x9vvc tw6a2znq l9j0dhe7 ni8dbmo4 stjgntxs qlfml3jp inkptoze e72ty7fz qttc61fc jm1wdb64 qv66sw1b ljqsnud1 g6srhlxm odn2s2vf\"><div class=\"oo9gr5id\" dir=\"auto\">Vi\u00f0 h\u00f6fum ununn a\u00f0 \u00fev\u00ed a\u00f0 fr\u00e6\u00f0a um \u00edslenska lambakj\u00f6ti\u00f0, sveitina og n\u00e1tt\u00faruna. H\u00e9r er lei\u00f0 fyrir \u00feig a\u00f0 tengjast \u00edslandi \u00ed gegnum <span class=\"tojvnm2t a6sixzi8 abs2jz4q a8s20v7p t1p8iaqh k5wvi7nf q3lfd5jv pk4s997a bipmatt0 cebpdrjk qowsmv63 owwhemhu dp1hu0rb dhp61c6y iyyx5f41\">skj\u00e1inn<\/span>.<\/div><\/div><\/div>\t\t\t\t\t\t\t\t<\/div>\n\t\t\t\t<\/div>\n\t\t\t\t\t<\/div>\n\t\t<\/div>\n\t\t\t\t\t<\/div>\n\t\t<\/section>\n\t\t\t\t<section class=\"elementor-section elementor-top-section elementor-element elementor-element-094d11a elementor-section-height-min-height elementor-section-boxed elementor-section-height-default elementor-section-items-middle\" data-id=\"094d11a\" data-element_type=\"section\" data-e-type=\"section\" data-settings=\"{&quot;background_background&quot;:&quot;classic&quot;}\">\n\t\t\t\t\t\t<div class=\"elementor-container elementor-column-gap-default\">\n\t\t\t\t\t<div class=\"elementor-column elementor-col-100 elementor-top-column elementor-element elementor-element-628eb4f\" data-id=\"628eb4f\" data-element_type=\"column\" data-e-type=\"column\">\n\t\t\t<div class=\"elementor-widget-wrap elementor-element-populated\">\n\t\t\t\t\t\t<div class=\"elementor-element elementor-element-cb72ef9 elementor-posts--align-center animated-slow elementor-grid-3 elementor-grid-tablet-2 elementor-grid-mobile-1 elementor-posts--thumbnail-top elementor-invisible elementor-widget elementor-widget-posts\" data-id=\"cb72ef9\" data-element_type=\"widget\" data-e-type=\"widget\" data-settings=\"{&quot;_animation&quot;:&quot;fadeIn&quot;,&quot;classic_columns&quot;:&quot;3&quot;,&quot;classic_columns_tablet&quot;:&quot;2&quot;,&quot;classic_columns_mobile&quot;:&quot;1&quot;,&quot;classic_row_gap&quot;:{&quot;unit&quot;:&quot;px&quot;,&quot;size&quot;:35,&quot;sizes&quot;:[]},&quot;classic_row_gap_tablet&quot;:{&quot;unit&quot;:&quot;px&quot;,&quot;size&quot;:&quot;&quot;,&quot;sizes&quot;:[]},&quot;classic_row_gap_mobile&quot;:{&quot;unit&quot;:&quot;px&quot;,&quot;size&quot;:&quot;&quot;,&quot;sizes&quot;:[]}}\" data-widget_type=\"posts.classic\">\n\t\t\t\t<div class=\"elementor-widget-container\">\n\t\t\t\t\t\t\t<div class=\"elementor-posts-container elementor-posts elementor-posts--skin-classic elementor-grid\" role=\"list\">\n\t\t\t\t<article class=\"elementor-post elementor-grid-item post-2580 frettir type-frettir status-publish has-post-thumbnail hentry\" role=\"listitem\">\n\t\t\t\t<a class=\"elementor-post__thumbnail__link\" href=\"https:\/\/www.icelandiclamb.is\/is\/frettir\/this-is-just-a-test\/\" tabindex=\"-1\" >\n\t\t\t<div class=\"elementor-post__thumbnail\"><img fetchpriority=\"high\" width=\"2560\" height=\"1611\" src=\"https:\/\/www.icelandiclamb.is\/wp-content\/uploads\/2021\/03\/v34-scaled.jpg\" class=\"attachment-full size-full wp-image-2490\" alt=\"\" srcset=\"https:\/\/www.icelandiclamb.is\/wp-content\/uploads\/2021\/03\/v34-scaled.jpg 2560w, https:\/\/www.icelandiclamb.is\/wp-content\/uploads\/2021\/03\/v34-300x189.jpg 300w, https:\/\/www.icelandiclamb.is\/wp-content\/uploads\/2021\/03\/v34-1024x644.jpg 1024w, https:\/\/www.icelandiclamb.is\/wp-content\/uploads\/2021\/03\/v34-768x483.jpg 768w, https:\/\/www.icelandiclamb.is\/wp-content\/uploads\/2021\/03\/v34-1536x966.jpg 1536w, https:\/\/www.icelandiclamb.is\/wp-content\/uploads\/2021\/03\/v34-2048x1288.jpg 2048w\" sizes=\"(max-width: 2560px) 100vw, 2560px\" \/><\/div>\n\t\t<\/a>\n\t\t\t\t<div class=\"elementor-post__text\">\n\t\t\t\t<h3 class=\"elementor-post__title\">\n\t\t\t<a href=\"https:\/\/www.icelandiclamb.is\/is\/frettir\/this-is-just-a-test\/\" >\n\t\t\t\tMarka\u00f0st\u00e6kif\u00e6ri kortl\u00f6g\u00f0 \u00ed n\u00fdrri k\u00f6nnun\t\t\t<\/a>\n\t\t<\/h3>\n\t\t\n\t\t<a class=\"elementor-post__read-more\" href=\"https:\/\/www.icelandiclamb.is\/is\/frettir\/this-is-just-a-test\/\" aria-label=\"Read more about Marka\u00f0st\u00e6kif\u00e6ri kortl\u00f6g\u00f0 \u00ed n\u00fdrri k\u00f6nnun\" tabindex=\"-1\" >\n\t\t\t- LESA MEIRA -\t\t<\/a>\n\n\t\t\t\t<\/div>\n\t\t\t\t<\/article>\n\t\t\t\t<article class=\"elementor-post elementor-grid-item post-2610 frettir type-frettir status-publish has-post-thumbnail hentry\" role=\"listitem\">\n\t\t\t\t<a class=\"elementor-post__thumbnail__link\" href=\"https:\/\/www.icelandiclamb.is\/is\/frettir\/islenskt-lambakjot-saekir-a-innanlandsmarkad\/\" tabindex=\"-1\" >\n\t\t\t<div class=\"elementor-post__thumbnail\"><img width=\"1400\" height=\"788\" src=\"https:\/\/www.icelandiclamb.is\/wp-content\/uploads\/2021\/01\/skankar_gestgjafi_2.png\" class=\"attachment-full size-full wp-image-2433\" alt=\"\" srcset=\"https:\/\/www.icelandiclamb.is\/wp-content\/uploads\/2021\/01\/skankar_gestgjafi_2.png 1400w, https:\/\/www.icelandiclamb.is\/wp-content\/uploads\/2021\/01\/skankar_gestgjafi_2-300x169.png 300w, https:\/\/www.icelandiclamb.is\/wp-content\/uploads\/2021\/01\/skankar_gestgjafi_2-1024x576.png 1024w, https:\/\/www.icelandiclamb.is\/wp-content\/uploads\/2021\/01\/skankar_gestgjafi_2-768x432.png 768w\" sizes=\"(max-width: 1400px) 100vw, 1400px\" \/><\/div>\n\t\t<\/a>\n\t\t\t\t<div class=\"elementor-post__text\">\n\t\t\t\t<h3 class=\"elementor-post__title\">\n\t\t\t<a href=\"https:\/\/www.icelandiclamb.is\/is\/frettir\/islenskt-lambakjot-saekir-a-innanlandsmarkad\/\" >\n\t\t\t\t\u00cdslenskt lambakj\u00f6t s\u00e6kir \u00e1 innanlandsmarka\u00f0\t\t\t<\/a>\n\t\t<\/h3>\n\t\t\n\t\t<a class=\"elementor-post__read-more\" href=\"https:\/\/www.icelandiclamb.is\/is\/frettir\/islenskt-lambakjot-saekir-a-innanlandsmarkad\/\" aria-label=\"Read more about \u00cdslenskt lambakj\u00f6t s\u00e6kir \u00e1 innanlandsmarka\u00f0\" tabindex=\"-1\" >\n\t\t\t- LESA MEIRA -\t\t<\/a>\n\n\t\t\t\t<\/div>\n\t\t\t\t<\/article>\n\t\t\t\t<\/div>\n\t\t\n\t\t\t\t\t\t<\/div>\n\t\t\t\t<\/div>\n\t\t\t\t\t<\/div>\n\t\t<\/div>\n\t\t\t\t\t<\/div>\n\t\t<\/section>\n\t\t\t\t<\/div>\n\t\t","protected":false},"excerpt":{"rendered":"<p>FR\u00c9TTIR Vi\u00f0 h\u00f6fum unun af \u00fev\u00ed a\u00f0 fr\u00e6\u00f0a um \u00edslenska lambakj\u00f6ti\u00f0, sveitina og n\u00e1tt\u00faruna. H\u00e9r er lei\u00f0 fyrir \u00feig a\u00f0 tengjast \u00cdslandi \u00ed gegnum skj\u00e1inn.<\/p>\n","protected":false},"author":2,"featured_media":0,"parent":0,"menu_order":0,"comment_status":"closed","ping_status":"closed","template":"","meta":{"footnotes":""},"class_list":["post-2563","page","type-page","status-publish","hentry"],"yoast_head":"<!-- This site is optimized with the Yoast SEO plugin v27.4 - https:\/\/yoast.com\/product\/yoast-seo-wordpress\/ -->\n<title>Fr\u00e9ttir - Icelandic Lamb<\/title>\n<meta name=\"robots\" content=\"index, follow, max-snippet:-1, max-image-preview:large, max-video-preview:-1\" \/>\n<link rel=\"canonical\" href=\"https:\/\/www.icelandiclamb.is\/is\/frettir\/\" \/>\n<meta property=\"og:locale\" content=\"is_IS\" \/>\n<meta property=\"og:type\" content=\"article\" \/>\n<meta property=\"og:title\" content=\"Fr\u00e9ttir - Icelandic Lamb\" \/>\n<meta property=\"og:description\" content=\"FR\u00c9TTIR Vi\u00f0 h\u00f6fum unun af \u00fev\u00ed a\u00f0 fr\u00e6\u00f0a um \u00edslenska lambakj\u00f6ti\u00f0, sveitina og n\u00e1tt\u00faruna. H\u00e9r er lei\u00f0 fyrir \u00feig a\u00f0 tengjast \u00cdslandi \u00ed gegnum skj\u00e1inn.\" \/>\n<meta property=\"og:url\" content=\"https:\/\/www.icelandiclamb.is\/is\/frettir\/\" \/>\n<meta property=\"og:site_name\" content=\"Icelandic Lamb\" \/>\n<meta property=\"article:modified_time\" content=\"2021-09-07T14:06:11+00:00\" \/>\n<meta name=\"twitter:card\" content=\"summary_large_image\" \/>\n<meta name=\"twitter:label1\" content=\"Est. reading time\" \/>\n\t<meta name=\"twitter:data1\" content=\"1 minute\" \/>\n<script type=\"application\/ld+json\" class=\"yoast-schema-graph\">{\"@context\":\"https:\\\/\\\/schema.org\",\"@graph\":[{\"@type\":\"WebPage\",\"@id\":\"https:\\\/\\\/www.icelandiclamb.is\\\/is\\\/frettir\\\/\",\"url\":\"https:\\\/\\\/www.icelandiclamb.is\\\/is\\\/frettir\\\/\",\"name\":\"Fr\u00e9ttir - Icelandic Lamb\",\"isPartOf\":{\"@id\":\"https:\\\/\\\/www.icelandiclamb.is\\\/is\\\/#website\"},\"datePublished\":\"2021-05-10T11:13:08+00:00\",\"dateModified\":\"2021-09-07T14:06:11+00:00\",\"breadcrumb\":{\"@id\":\"https:\\\/\\\/www.icelandiclamb.is\\\/is\\\/frettir\\\/#breadcrumb\"},\"inLanguage\":\"is\",\"potentialAction\":[{\"@type\":\"ReadAction\",\"target\":[\"https:\\\/\\\/www.icelandiclamb.is\\\/is\\\/frettir\\\/\"]}]},{\"@type\":\"BreadcrumbList\",\"@id\":\"https:\\\/\\\/www.icelandiclamb.is\\\/is\\\/frettir\\\/#breadcrumb\",\"itemListElement\":[{\"@type\":\"ListItem\",\"position\":1,\"name\":\"Home\",\"item\":\"https:\\\/\\\/www.icelandiclamb.is\\\/is\\\/\"},{\"@type\":\"ListItem\",\"position\":2,\"name\":\"Fr\u00e9ttir\"}]},{\"@type\":\"WebSite\",\"@id\":\"https:\\\/\\\/www.icelandiclamb.is\\\/is\\\/#website\",\"url\":\"https:\\\/\\\/www.icelandiclamb.is\\\/is\\\/\",\"name\":\"Icelandic Lamb\",\"description\":\"\",\"publisher\":{\"@id\":\"https:\\\/\\\/www.icelandiclamb.is\\\/is\\\/#organization\"},\"potentialAction\":[{\"@type\":\"SearchAction\",\"target\":{\"@type\":\"EntryPoint\",\"urlTemplate\":\"https:\\\/\\\/www.icelandiclamb.is\\\/is\\\/?s={search_term_string}\"},\"query-input\":{\"@type\":\"PropertyValueSpecification\",\"valueRequired\":true,\"valueName\":\"search_term_string\"}}],\"inLanguage\":\"is\"},{\"@type\":\"Organization\",\"@id\":\"https:\\\/\\\/www.icelandiclamb.is\\\/is\\\/#organization\",\"name\":\"Icelandic Lamb\",\"url\":\"https:\\\/\\\/www.icelandiclamb.is\\\/is\\\/\",\"logo\":{\"@type\":\"ImageObject\",\"inLanguage\":\"is\",\"@id\":\"https:\\\/\\\/www.icelandiclamb.is\\\/is\\\/#\\\/schema\\\/logo\\\/image\\\/\",\"url\":\"https:\\\/\\\/www.icelandiclamb.is\\\/wp-content\\\/uploads\\\/2020\\\/02\\\/icelandic-lamb-logo-white.png\",\"contentUrl\":\"https:\\\/\\\/www.icelandiclamb.is\\\/wp-content\\\/uploads\\\/2020\\\/02\\\/icelandic-lamb-logo-white.png\",\"width\":250,\"height\":201,\"caption\":\"Icelandic Lamb\"},\"image\":{\"@id\":\"https:\\\/\\\/www.icelandiclamb.is\\\/is\\\/#\\\/schema\\\/logo\\\/image\\\/\"}}]}<\/script>\n<!-- \/ Yoast SEO plugin. -->","yoast_head_json":{"title":"Fr\u00e9ttir - Icelandic Lamb","robots":{"index":"index","follow":"follow","max-snippet":"max-snippet:-1","max-image-preview":"max-image-preview:large","max-video-preview":"max-video-preview:-1"},"canonical":"https:\/\/www.icelandiclamb.is\/is\/frettir\/","og_locale":"is_IS","og_type":"article","og_title":"Fr\u00e9ttir - Icelandic Lamb","og_description":"FR\u00c9TTIR Vi\u00f0 h\u00f6fum unun af \u00fev\u00ed a\u00f0 fr\u00e6\u00f0a um \u00edslenska lambakj\u00f6ti\u00f0, sveitina og n\u00e1tt\u00faruna. H\u00e9r er lei\u00f0 fyrir \u00feig a\u00f0 tengjast \u00cdslandi \u00ed gegnum skj\u00e1inn.","og_url":"https:\/\/www.icelandiclamb.is\/is\/frettir\/","og_site_name":"Icelandic Lamb","article_modified_time":"2021-09-07T14:06:11+00:00","twitter_card":"summary_large_image","twitter_misc":{"Est. reading time":"1 minute"},"schema":{"@context":"https:\/\/schema.org","@graph":[{"@type":"WebPage","@id":"https:\/\/www.icelandiclamb.is\/is\/frettir\/","url":"https:\/\/www.icelandiclamb.is\/is\/frettir\/","name":"Fr\u00e9ttir - Icelandic Lamb","isPartOf":{"@id":"https:\/\/www.icelandiclamb.is\/is\/#website"},"datePublished":"2021-05-10T11:13:08+00:00","dateModified":"2021-09-07T14:06:11+00:00","breadcrumb":{"@id":"https:\/\/www.icelandiclamb.is\/is\/frettir\/#breadcrumb"},"inLanguage":"is","potentialAction":[{"@type":"ReadAction","target":["https:\/\/www.icelandiclamb.is\/is\/frettir\/"]}]},{"@type":"BreadcrumbList","@id":"https:\/\/www.icelandiclamb.is\/is\/frettir\/#breadcrumb","itemListElement":[{"@type":"ListItem","position":1,"name":"Home","item":"https:\/\/www.icelandiclamb.is\/is\/"},{"@type":"ListItem","position":2,"name":"Fr\u00e9ttir"}]},{"@type":"WebSite","@id":"https:\/\/www.icelandiclamb.is\/is\/#website","url":"https:\/\/www.icelandiclamb.is\/is\/","name":"Icelandic Lamb","description":"","publisher":{"@id":"https:\/\/www.icelandiclamb.is\/is\/#organization"},"potentialAction":[{"@type":"SearchAction","target":{"@type":"EntryPoint","urlTemplate":"https:\/\/www.icelandiclamb.is\/is\/?s={search_term_string}"},"query-input":{"@type":"PropertyValueSpecification","valueRequired":true,"valueName":"search_term_string"}}],"inLanguage":"is"},{"@type":"Organization","@id":"https:\/\/www.icelandiclamb.is\/is\/#organization","name":"Icelandic Lamb","url":"https:\/\/www.icelandiclamb.is\/is\/","logo":{"@type":"ImageObject","inLanguage":"is","@id":"https:\/\/www.icelandiclamb.is\/is\/#\/schema\/logo\/image\/","url":"https:\/\/www.icelandiclamb.is\/wp-content\/uploads\/2020\/02\/icelandic-lamb-logo-white.png","contentUrl":"https:\/\/www.icelandiclamb.is\/wp-content\/uploads\/2020\/02\/icelandic-lamb-logo-white.png","width":250,"height":201,"caption":"Icelandic Lamb"},"image":{"@id":"https:\/\/www.icelandiclamb.is\/is\/#\/schema\/logo\/image\/"}}]}},"_links":{"self":[{"href":"https:\/\/www.icelandiclamb.is\/is\/wp-json\/wp\/v2\/pages\/2563","targetHints":{"allow":["GET"]}}],"collection":[{"href":"https:\/\/www.icelandiclamb.is\/is\/wp-json\/wp\/v2\/pages"}],"about":[{"href":"https:\/\/www.icelandiclamb.is\/is\/wp-json\/wp\/v2\/types\/page"}],"author":[{"embeddable":true,"href":"https:\/\/www.icelandiclamb.is\/is\/wp-json\/wp\/v2\/users\/2"}],"replies":[{"embeddable":true,"href":"https:\/\/www.icelandiclamb.is\/is\/wp-json\/wp\/v2\/comments?post=2563"}],"version-history":[{"count":0,"href":"https:\/\/www.icelandiclamb.is\/is\/wp-json\/wp\/v2\/pages\/2563\/revisions"}],"wp:attachment":[{"href":"https:\/\/www.icelandiclamb.is\/is\/wp-json\/wp\/v2\/media?parent=2563"}],"curies":[{"name":"wp","href":"https:\/\/api.w.org\/{rel}","templated":true}]}}