{"id":3649,"date":"2020-03-30T09:33:11","date_gmt":"2020-03-30T09:33:11","guid":{"rendered":"http:\/\/www.icelandiclamb.is\/cookie-terms\/"},"modified":"2026-01-02T18:40:50","modified_gmt":"2026-01-02T18:40:50","slug":"personuverndarstefna","status":"publish","type":"page","link":"https:\/\/www.icelandiclamb.is\/is\/personuverndarstefna\/","title":{"rendered":"Pers\u00f3nuverndarstefna"},"content":{"rendered":"\t\t<div data-elementor-type=\"wp-page\" data-elementor-id=\"3649\" class=\"elementor elementor-3649 elementor-755\" data-elementor-post-type=\"page\">\n\t\t\t\t\t\t<section class=\"elementor-section elementor-top-section elementor-element elementor-element-e0caf32 elementor-section-height-min-height elementor-section-boxed elementor-section-height-default elementor-section-items-middle\" data-id=\"e0caf32\" data-element_type=\"section\" data-e-type=\"section\" data-settings=\"{&quot;background_background&quot;:&quot;classic&quot;}\">\n\t\t\t\t\t\t\t<div class=\"elementor-background-overlay\"><\/div>\n\t\t\t\t\t\t\t<div class=\"elementor-container elementor-column-gap-default\">\n\t\t\t\t\t<div class=\"elementor-column elementor-col-100 elementor-top-column elementor-element elementor-element-073a6da\" data-id=\"073a6da\" data-element_type=\"column\" data-e-type=\"column\">\n\t\t\t<div class=\"elementor-widget-wrap elementor-element-populated\">\n\t\t\t\t\t\t<div class=\"elementor-element elementor-element-b594639 elementor-widget elementor-widget-heading\" data-id=\"b594639\" data-element_type=\"widget\" data-e-type=\"widget\" data-widget_type=\"heading.default\">\n\t\t\t\t<div class=\"elementor-widget-container\">\n\t\t\t\t\t<h1 class=\"elementor-heading-title elementor-size-default\">Pers\u00f3nuverndarstefna<\/h1>\t\t\t\t<\/div>\n\t\t\t\t<\/div>\n\t\t\t\t<div class=\"elementor-element elementor-element-3c38cfe elementor-widget elementor-widget-text-editor\" data-id=\"3c38cfe\" data-element_type=\"widget\" data-e-type=\"widget\" data-widget_type=\"text-editor.default\">\n\t\t\t\t<div class=\"elementor-widget-container\">\n\t\t\t\t\t\t\t\t\t<section>\n<h2>1. Inngangur<\/h2>\n<p>Icelandic Lamb ehf (\u201evi\u00f0\u201c, \u201eokkar\u201c) leggur \u00e1herslu \u00e1 a\u00f0 vernda pers\u00f3nuvernd \u00fe\u00edna og pers\u00f3nuuppl\u00fdsingar. \u00deessi pers\u00f3nuverndarstefna \u00fatsk\u00fdrir hvernig vi\u00f0 s\u00f6fnum, notum, geymum og verndum uppl\u00fdsingar \u00fe\u00ednar \u00feegar \u00fe\u00fa heims\u00e6kir vefsv\u00e6\u00f0i\u00f0 <a href=\"https:\/\/www.icelandiclamb.is\">www.icelandiclamb.is<\/a> og notar \u00fej\u00f3nustu okkar.<\/p>\n<p><strong>\u00c1byrg\u00f0ara\u00f0ili (Data Controller):<\/strong><br>Icelandic Lamb ehf<br>Hagatorg<br>107 Reykjav\u00edk, \u00cdsland<br>Netfang: <a href=\"mailto:info@icelandiclamb.is\">info@icelandiclamb.is<\/a><br>S\u00edmi: +354 563 0330<br>Kennitala: 681116-1090<\/p>\n<\/section>\n<section>\n<h2>2. Uppl\u00fdsingar sem vi\u00f0 s\u00f6fnum<\/h2>\n<p>Vi\u00f0 g\u00e6tum safna\u00f0 og unni\u00f0 me\u00f0 eftirfarandi tegundir pers\u00f3nuuppl\u00fdsinga:<\/p>\n<h3>2.1 Uppl\u00fdsingar sem \u00fe\u00fa veitir<\/h3>\n<ul>\n<li>Samskiptauppl\u00fdsingar (nafn, netfang, s\u00edman\u00famer)<\/li>\n<li>Uppl\u00fdsingar um fyrirt\u00e6ki (heiti fyrirt\u00e6kis, starfsheiti)<\/li>\n<li>\u00d3skir um samskipti<\/li>\n<li>Allar a\u00f0rar uppl\u00fdsingar sem \u00fe\u00fa veitir af f\u00fasum og frj\u00e1lsum vilja \u00ed gegnum ey\u00f0ubl\u00f6\u00f0 e\u00f0a \u00ed samskiptum<\/li>\n<\/ul>\n<h3>2.2 Uppl\u00fdsingar sem safnast sj\u00e1lfkrafa<\/h3>\n<ul>\n<li>IP-tala og uppl\u00fdsingar um t\u00e6ki<\/li>\n<li>Tegund og \u00fatg\u00e1fa vafra<\/li>\n<li>S\u00ed\u00f0ur sem heims\u00f3ttar eru, t\u00edmi og dagsetning heims\u00f3kna<\/li>\n<li>Tilv\u00edsunarsl\u00f3\u00f0ir (referring website addresses)<\/li>\n<li>Vafrak\u00f6kug\u00f6gn (sj\u00e1 kafla um vafrak\u00f6kur h\u00e9r a\u00f0 ne\u00f0an)<\/li>\n<\/ul>\n<\/section>\n<section>\n<h2>3. Lagagrundv\u00f6llur vinnslu<\/h2>\n<p>Vi\u00f0 vinnum pers\u00f3nuuppl\u00fdsingar \u00fe\u00ednar \u00e1 grundvelli eftirfarandi heimilda samkv\u00e6mt GDPR:<\/p>\n<ul>\n<li><strong>Sam\u00feykki:<\/strong> \u00deegar \u00fe\u00fa hefur veitt sk\u00fdrt sam\u00feykki fyrir tilteknum vinnslua\u00f0ger\u00f0um<\/li>\n<li><strong>L\u00f6gm\u00e6tir hagsmunir:<\/strong> Fyrir greiningar, umb\u00e6tur \u00e1 \u00fej\u00f3nustu og marka\u00f0ssetningu vara okkar<\/li>\n<li><strong>Nau\u00f0syn vegna samnings:<\/strong> Til a\u00f0 uppfylla skyldur vegna vi\u00f0skiptasambands e\u00f0a fyrirspurna<\/li>\n<li><strong>Laga\u00e1kv\u00e6\u00f0i:<\/strong> Til a\u00f0 uppfylla gildandi l\u00f6g og reglur<\/li>\n<\/ul>\n<\/section>\n<section>\n<h2>4. Hvernig vi\u00f0 notum uppl\u00fdsingarnar<\/h2>\n<p>Vi\u00f0 notum pers\u00f3nuuppl\u00fdsingar \u00ed eftirfarandi tilgangi:<\/p>\n<ul>\n<li>Til a\u00f0 svara fyrirspurnum og veita \u00fej\u00f3nustu vi\u00f0 vi\u00f0skiptavini<\/li>\n<li>Til a\u00f0 senda marka\u00f0sefni um Icelandic Lamb (me\u00f0 sam\u00feykki \u00fe\u00ednu)<\/li>\n<li>Til a\u00f0 b\u00e6ta virkni vefsv\u00e6\u00f0isins og upplifun notenda<\/li>\n<li>Til a\u00f0 greina umfer\u00f0 \u00e1 vefsv\u00e6\u00f0inu og heg\u00f0un notenda<\/li>\n<li>Til a\u00f0 vi\u00f0halda vi\u00f0skiptasamb\u00f6ndum vi\u00f0 samstarfsa\u00f0ila, \u00fatflytjendur og veitingasta\u00f0i<\/li>\n<li>Til a\u00f0 uppfylla lagaskyldur<\/li>\n<\/ul>\n<\/section>\n<section>\n<h2>5. Vafrak\u00f6kur og rekjib\u00fana\u00f0ur<\/h2>\n<p>Vefsv\u00e6\u00f0i\u00f0 okkar notar vafrak\u00f6kur og samb\u00e6rilegan rekjib\u00fana\u00f0 til a\u00f0 b\u00e6ta vafraupplifun og greina frammist\u00f6\u00f0u vefsv\u00e6\u00f0isins. Vafrak\u00f6kur eru litlar textaskr\u00e1r sem vista\u00f0ar eru \u00e1 t\u00e6kinu \u00fe\u00ednu.<\/p>\n<h3>Tegundir vafrakaka sem vi\u00f0 notum:<\/h3>\n<ul>\n<li><strong>Nau\u00f0synlegar vafrak\u00f6kur:<\/strong> Nau\u00f0synlegar fyrir virkni vefsv\u00e6\u00f0isins<\/li>\n<li><strong>Greiningarvafrak\u00f6kur:<\/strong> Hj\u00e1lpa okkur a\u00f0 skilja hvernig gestir nota vefsv\u00e6\u00f0i\u00f0<\/li>\n<li><strong>Marka\u00f0svafrak\u00f6kur:<\/strong> Nota\u00f0ar til a\u00f0 birta vi\u00f0eigandi augl\u00fdsingar<\/li>\n<li><strong>Stillinga-\/valvafrak\u00f6kur:<\/strong> Muna stillingar og val \u00feitt<\/li>\n<\/ul>\n<p><strong>Stj\u00f3rnun vafrak\u00f6kustillinga:<\/strong> \u00de\u00fa getur stj\u00f3rna\u00f0 og breytt vafrak\u00f6kustillingum hven\u00e6r sem er me\u00f0 \u00fev\u00ed a\u00f0 \u00fdta \u00e1 <strong>fingrafarahnappinn ne\u00f0st til vinstri \u00e1 s\u00ed\u00f0unni<\/strong>. Einnig er h\u00e6gt a\u00f0 stj\u00f3rna vafrak\u00f6kum \u00ed stillingum vafrans \u00fe\u00edns.<\/p>\n<\/section>\n<section>\n<h2>6. Mi\u00f0lun og afhending gagna<\/h2>\n<p>Vi\u00f0 seljum ekki pers\u00f3nuuppl\u00fdsingar \u00fe\u00ednar. Vi\u00f0 g\u00e6tum deilt uppl\u00fdsingum \u00fe\u00ednum me\u00f0:<\/p>\n<ul>\n<li><strong>\u00dej\u00f3nustua\u00f0ilum:<\/strong> \u00deri\u00f0ju a\u00f0ilum sem hj\u00e1lpa okkur a\u00f0 reka vefsv\u00e6\u00f0i\u00f0 og veita \u00fej\u00f3nustu (h\u00fdsingu, greiningar, t\u00f6lvup\u00f3st\u00fej\u00f3nustu)<\/li>\n<li><strong>Samstarfsa\u00f0ilum:<\/strong> B\u00e6ndum, framlei\u00f0endum, veitingast\u00f6\u00f0um og \u00fatflytjendum innan samstarfsnets okkar, \u00feegar \u00feess \u00fearf vegna vi\u00f0skiptatilgangs<\/li>\n<li><strong>Yfirv\u00f6ldum:<\/strong> \u00deegar l\u00f6g krefjast e\u00f0a til a\u00f0 vernda r\u00e9ttindi okkar<\/li>\n<\/ul>\n<p>Allir \u00feri\u00f0ju a\u00f0ilar skulu me\u00f0h\u00f6ndla g\u00f6gn \u00fe\u00edn me\u00f0 \u00f6ruggum h\u00e6tti og \u00ed samr\u00e6mi vi\u00f0 GDPR.<\/p>\n<\/section>\n<section>\n<h2>7. Flutningur gagna milli landa<\/h2>\n<p>Uppl\u00fdsingar \u00fe\u00ednar kunna a\u00f0 vera fluttar til og unnar \u00ed l\u00f6ndum utan Evr\u00f3pska efnahagssv\u00e6\u00f0isins (EES). \u00deegar vi\u00f0 flytjum g\u00f6gn \u00e1 milli landa tryggjum vi\u00f0 vi\u00f0eigandi verndarr\u00e1\u00f0stafanir, svo sem sta\u00f0la\u00f0a samningsskilm\u00e1la (Standard Contractual Clauses) e\u00f0a a\u00f0 vi\u00f0takandi s\u00e9 \u00ed landi me\u00f0 fulln\u00e6gjandi pers\u00f3nuverndarl\u00f6ggj\u00f6f.<\/p>\n<\/section>\n<section>\n<h2>8. Var\u00f0veisla gagna<\/h2>\n<p>Vi\u00f0 geymum pers\u00f3nuuppl\u00fdsingar a\u00f0eins eins lengi og nau\u00f0synlegt er til a\u00f0 uppfylla tilganginn sem l\u00fdst er \u00ed \u00feessari pers\u00f3nuverndarstefnu e\u00f0a eins og l\u00f6g krefjast. Var\u00f0veislut\u00edmi r\u00e6\u00f0st af tegund gagna og tilgangi vinnslu:<\/p>\n<ul>\n<li>Fyrirspurnir: Allt a\u00f0 3 \u00e1r fr\u00e1 s\u00ed\u00f0ustu samskiptum<\/li>\n<li>Marka\u00f0ssamskipti: \u00dear til \u00fe\u00fa dregur sam\u00feykki til baka<\/li>\n<li>Greiningarg\u00f6gn: Yfirleitt 26 m\u00e1nu\u00f0ir<\/li>\n<li>Uppl\u00fdsingar um samstarfsa\u00f0ila: Lengd samstarfs auk vi\u00f0eigandi lagaskyldna<\/li>\n<\/ul>\n<\/section>\n<section>\n<h2>9. R\u00e9ttindi \u00fe\u00edn samkv\u00e6mt GDPR<\/h2>\n<p>\u00de\u00fa hefur eftirfarandi r\u00e9ttindi var\u00f0andi pers\u00f3nuuppl\u00fdsingar \u00fe\u00ednar:<\/p>\n<ul>\n<li><strong>A\u00f0gangsr\u00e9ttur:<\/strong> A\u00f0 \u00f3ska eftir afriti af pers\u00f3nuuppl\u00fdsingum sem vi\u00f0 h\u00f6fum um \u00feig<\/li>\n<li><strong>R\u00e9ttur til lei\u00f0r\u00e9ttingar:<\/strong> A\u00f0 \u00f3ska eftir lei\u00f0r\u00e9ttingu \u00e1 r\u00f6ngum e\u00f0a \u00f3fulln\u00e6gjandi g\u00f6gnum<\/li>\n<li><strong>R\u00e9ttur til ey\u00f0ingar:<\/strong> A\u00f0 \u00f3ska eftir ey\u00f0ingu pers\u00f3nuuppl\u00fdsinga (\u201er\u00e9tturinn til a\u00f0 gleymast\u201c)<\/li>\n<li><strong>R\u00e9ttur til takm\u00f6rkunar:<\/strong> A\u00f0 \u00f3ska eftir takm\u00f6rkun vinnslu vi\u00f0 \u00e1kve\u00f0nar a\u00f0st\u00e6\u00f0ur<\/li>\n<li><strong>R\u00e9ttur til flutnings gagna:<\/strong> A\u00f0 f\u00e1 g\u00f6gnin afhent \u00e1 skipul\u00f6g\u00f0u, v\u00e9lr\u00e6nu formi<\/li>\n<li><strong>Andm\u00e6lar\u00e9ttur:<\/strong> A\u00f0 andm\u00e6la vinnslu sem byggir \u00e1 l\u00f6gm\u00e6tum hagsmunum e\u00f0a beinni marka\u00f0ssetningu<\/li>\n<li><strong>R\u00e9ttur til a\u00f0 draga sam\u00feykki til baka:<\/strong> A\u00f0 draga sam\u00feykki til baka hven\u00e6r sem er \u00feegar vinnsla byggir \u00e1 sam\u00feykki<\/li>\n<li><strong>R\u00e9ttur til a\u00f0 leggja fram kv\u00f6rtun:<\/strong> A\u00f0 leggja fram kv\u00f6rtun til Pers\u00f3nuverndar<\/li>\n<\/ul>\n<p>Til a\u00f0 n\u00fdta einhver \u00feessara r\u00e9ttinda, vinsamlegast haf\u00f0u samband vi\u00f0 okkur \u00e1 <a href=\"mailto:info@icelandiclamb.is\">info@icelandiclamb.is<\/a>. Vi\u00f0 sv\u00f6rum bei\u00f0ni innan eins m\u00e1na\u00f0ar.<\/p>\n<\/section>\n<section>\n<h2>10. \u00d6ryggi gagna<\/h2>\n<p>Vi\u00f0 innlei\u00f0um vi\u00f0eigandi t\u00e6knilegar og skipulagslegar r\u00e1\u00f0stafanir til a\u00f0 vernda pers\u00f3nuuppl\u00fdsingar gegn \u00f3heimilum a\u00f0gangi, breytingum, birtingu e\u00f0a ey\u00f0ileggingu. \u00deessar r\u00e1\u00f0stafanir fela m.a. \u00ed s\u00e9r:<\/p>\n<ul>\n<li>\u00d6rugga net\u00fej\u00f3naa\u00f0st\u00f6\u00f0u og dulk\u00f3\u00f0un<\/li>\n<li>Reglulegt \u00f6ryggismat<\/li>\n<li>A\u00f0gangsst\u00fdringar og au\u00f0kenningu<\/li>\n<li>Fr\u00e6\u00f0slu starfsmanna um pers\u00f3nuvernd<\/li>\n<\/ul>\n<p>Engin gagnaflutningslei\u00f0 \u00e1 internetinu er \u00fe\u00f3 100% \u00f6rugg og ekki er h\u00e6gt a\u00f0 \u00e1byrgjast algert \u00f6ryggi.<\/p>\n<\/section>\n<section>\n<h2>11. Pers\u00f3nuvernd barna<\/h2>\n<p>Vefsv\u00e6\u00f0i\u00f0 okkar er ekki \u00e6tla\u00f0 b\u00f6rnum yngri en 16 \u00e1ra. Vi\u00f0 s\u00f6fnum ekki v\u00edsvitandi pers\u00f3nuuppl\u00fdsingum um b\u00f6rn. Ef tali\u00f0 er a\u00f0 uppl\u00fdsingar um barn hafi \u00f3vart safnast, vinsamlegast haf\u00f0u samband vi\u00f0 okkur tafarlaust.<\/p>\n<\/section>\n<section>\n<h2>12. Tenglar \u00e1 \u00feri\u00f0ja a\u00f0ila<\/h2>\n<p>Vefsv\u00e6\u00f0i\u00f0 okkar g\u00e6ti innihaldi\u00f0 tengla \u00e1 vefsv\u00e6\u00f0i \u00feri\u00f0ja a\u00f0ila. Vi\u00f0 berum ekki \u00e1byrg\u00f0 \u00e1 pers\u00f3nuverndarvenjum sl\u00edkra vefsv\u00e6\u00f0a. M\u00e6lt er me\u00f0 a\u00f0 lesa pers\u00f3nuverndarstefnur \u00feeirra \u00e1\u00f0ur en pers\u00f3nuuppl\u00fdsingar eru veittar.<\/p>\n<\/section>\n<section>\n<h2>13. Breytingar \u00e1 \u00feessari pers\u00f3nuverndarstefnu<\/h2>\n<p>Vi\u00f0 g\u00e6tum uppf\u00e6rt \u00feessa pers\u00f3nuverndarstefnu af og til til a\u00f0 endurspegla breytingar \u00e1 starfsh\u00e1ttum e\u00f0a lagakr\u00f6fum.<\/p>\n<\/section>\t\t\t\t\t\t\t\t<\/div>\n\t\t\t\t<\/div>\n\t\t\t\t\t<\/div>\n\t\t<\/div>\n\t\t\t\t\t<\/div>\n\t\t<\/section>\n\t\t\t\t<\/div>\n\t\t","protected":false},"excerpt":{"rendered":"<p>1. Inngangur Icelandic Lamb ehf (\u201evi\u00f0\u201c, \u201eokkar\u201c) leggur \u00e1herslu \u00e1 a\u00f0 vernda pers\u00f3nuvernd \u00fe\u00edna og pers\u00f3nuuppl\u00fdsingar. \u00deessi pers\u00f3nuverndarstefna \u00fatsk\u00fdrir hvernig vi\u00f0 s\u00f6fnum, notum, geymum og verndum uppl\u00fdsingar \u00fe\u00ednar \u00feegar \u00fe\u00fa heims\u00e6kir vefsv\u00e6\u00f0i\u00f0 www.icelandiclamb.is og notar \u00fej\u00f3nustu okkar. \u00c1byrg\u00f0ara\u00f0ili (Data Controller):Icelandic Lamb ehfHagatorg107 Reykjav\u00edk, \u00cdslandNetfang: info@icelandiclamb.isS\u00edmi: +354 563 0330Kennitala: 681116-1090 2. Uppl\u00fdsingar sem vi\u00f0 s\u00f6fnum Vi\u00f0 [&hellip;]<\/p>\n","protected":false},"author":6,"featured_media":0,"parent":0,"menu_order":0,"comment_status":"closed","ping_status":"closed","template":"elementor_header_footer","meta":{"footnotes":""},"class_list":["post-3649","page","type-page","status-publish","hentry"],"yoast_head":"<!-- This site is optimized with the Yoast SEO plugin v27.3 - https:\/\/yoast.com\/product\/yoast-seo-wordpress\/ -->\n<title>Pers\u00f3nuverndarstefna - Icelandic Lamb<\/title>\n<meta name=\"description\" content=\"Here you will find the terms for the use of cookies on this site.Cookies are small text files that web pages store on your device when you visit a website.\" \/>\n<meta name=\"robots\" content=\"index, follow, max-snippet:-1, max-image-preview:large, max-video-preview:-1\" \/>\n<link rel=\"canonical\" href=\"https:\/\/www.icelandiclamb.is\/is\/personuverndarstefna\/\" \/>\n<meta property=\"og:locale\" content=\"is_IS\" \/>\n<meta property=\"og:type\" content=\"article\" \/>\n<meta property=\"og:title\" content=\"Pers\u00f3nuverndarstefna - Icelandic Lamb\" \/>\n<meta property=\"og:description\" content=\"Here you will find the terms for the use of cookies on this site.Cookies are small text files that web pages store on your device when you visit a website.\" \/>\n<meta property=\"og:url\" content=\"https:\/\/www.icelandiclamb.is\/is\/personuverndarstefna\/\" \/>\n<meta property=\"og:site_name\" content=\"Icelandic Lamb\" \/>\n<meta property=\"article:modified_time\" content=\"2026-01-02T18:40:50+00:00\" \/>\n<meta name=\"twitter:card\" content=\"summary_large_image\" \/>\n<meta name=\"twitter:label1\" content=\"Est. reading time\" \/>\n\t<meta name=\"twitter:data1\" content=\"5 minutes\" \/>\n<script type=\"application\/ld+json\" class=\"yoast-schema-graph\">{\"@context\":\"https:\\\/\\\/schema.org\",\"@graph\":[{\"@type\":\"WebPage\",\"@id\":\"https:\\\/\\\/www.icelandiclamb.is\\\/is\\\/personuverndarstefna\\\/\",\"url\":\"https:\\\/\\\/www.icelandiclamb.is\\\/is\\\/personuverndarstefna\\\/\",\"name\":\"Pers\u00f3nuverndarstefna - Icelandic Lamb\",\"isPartOf\":{\"@id\":\"https:\\\/\\\/www.icelandiclamb.is\\\/is\\\/#website\"},\"datePublished\":\"2020-03-30T09:33:11+00:00\",\"dateModified\":\"2026-01-02T18:40:50+00:00\",\"description\":\"Here you will find the terms for the use of cookies on this site.Cookies are small text files that web pages store on your device when you visit a website.\",\"breadcrumb\":{\"@id\":\"https:\\\/\\\/www.icelandiclamb.is\\\/is\\\/personuverndarstefna\\\/#breadcrumb\"},\"inLanguage\":\"is\",\"potentialAction\":[{\"@type\":\"ReadAction\",\"target\":[\"https:\\\/\\\/www.icelandiclamb.is\\\/is\\\/personuverndarstefna\\\/\"]}]},{\"@type\":\"BreadcrumbList\",\"@id\":\"https:\\\/\\\/www.icelandiclamb.is\\\/is\\\/personuverndarstefna\\\/#breadcrumb\",\"itemListElement\":[{\"@type\":\"ListItem\",\"position\":1,\"name\":\"Home\",\"item\":\"https:\\\/\\\/www.icelandiclamb.is\\\/is\\\/\"},{\"@type\":\"ListItem\",\"position\":2,\"name\":\"Pers\u00f3nuverndarstefna\"}]},{\"@type\":\"WebSite\",\"@id\":\"https:\\\/\\\/www.icelandiclamb.is\\\/is\\\/#website\",\"url\":\"https:\\\/\\\/www.icelandiclamb.is\\\/is\\\/\",\"name\":\"Icelandic Lamb\",\"description\":\"\",\"publisher\":{\"@id\":\"https:\\\/\\\/www.icelandiclamb.is\\\/is\\\/#organization\"},\"potentialAction\":[{\"@type\":\"SearchAction\",\"target\":{\"@type\":\"EntryPoint\",\"urlTemplate\":\"https:\\\/\\\/www.icelandiclamb.is\\\/is\\\/?s={search_term_string}\"},\"query-input\":{\"@type\":\"PropertyValueSpecification\",\"valueRequired\":true,\"valueName\":\"search_term_string\"}}],\"inLanguage\":\"is\"},{\"@type\":\"Organization\",\"@id\":\"https:\\\/\\\/www.icelandiclamb.is\\\/is\\\/#organization\",\"name\":\"Icelandic Lamb\",\"url\":\"https:\\\/\\\/www.icelandiclamb.is\\\/is\\\/\",\"logo\":{\"@type\":\"ImageObject\",\"inLanguage\":\"is\",\"@id\":\"https:\\\/\\\/www.icelandiclamb.is\\\/is\\\/#\\\/schema\\\/logo\\\/image\\\/\",\"url\":\"https:\\\/\\\/www.icelandiclamb.is\\\/wp-content\\\/uploads\\\/2020\\\/02\\\/icelandic-lamb-logo-white.png\",\"contentUrl\":\"https:\\\/\\\/www.icelandiclamb.is\\\/wp-content\\\/uploads\\\/2020\\\/02\\\/icelandic-lamb-logo-white.png\",\"width\":250,\"height\":201,\"caption\":\"Icelandic Lamb\"},\"image\":{\"@id\":\"https:\\\/\\\/www.icelandiclamb.is\\\/is\\\/#\\\/schema\\\/logo\\\/image\\\/\"}}]}<\/script>\n<!-- \/ Yoast SEO plugin. -->","yoast_head_json":{"title":"Pers\u00f3nuverndarstefna - Icelandic Lamb","description":"Here you will find the terms for the use of cookies on this site.Cookies are small text files that web pages store on your device when you visit a website.","robots":{"index":"index","follow":"follow","max-snippet":"max-snippet:-1","max-image-preview":"max-image-preview:large","max-video-preview":"max-video-preview:-1"},"canonical":"https:\/\/www.icelandiclamb.is\/is\/personuverndarstefna\/","og_locale":"is_IS","og_type":"article","og_title":"Pers\u00f3nuverndarstefna - Icelandic Lamb","og_description":"Here you will find the terms for the use of cookies on this site.Cookies are small text files that web pages store on your device when you visit a website.","og_url":"https:\/\/www.icelandiclamb.is\/is\/personuverndarstefna\/","og_site_name":"Icelandic Lamb","article_modified_time":"2026-01-02T18:40:50+00:00","twitter_card":"summary_large_image","twitter_misc":{"Est. reading time":"5 minutes"},"schema":{"@context":"https:\/\/schema.org","@graph":[{"@type":"WebPage","@id":"https:\/\/www.icelandiclamb.is\/is\/personuverndarstefna\/","url":"https:\/\/www.icelandiclamb.is\/is\/personuverndarstefna\/","name":"Pers\u00f3nuverndarstefna - Icelandic Lamb","isPartOf":{"@id":"https:\/\/www.icelandiclamb.is\/is\/#website"},"datePublished":"2020-03-30T09:33:11+00:00","dateModified":"2026-01-02T18:40:50+00:00","description":"Here you will find the terms for the use of cookies on this site.Cookies are small text files that web pages store on your device when you visit a website.","breadcrumb":{"@id":"https:\/\/www.icelandiclamb.is\/is\/personuverndarstefna\/#breadcrumb"},"inLanguage":"is","potentialAction":[{"@type":"ReadAction","target":["https:\/\/www.icelandiclamb.is\/is\/personuverndarstefna\/"]}]},{"@type":"BreadcrumbList","@id":"https:\/\/www.icelandiclamb.is\/is\/personuverndarstefna\/#breadcrumb","itemListElement":[{"@type":"ListItem","position":1,"name":"Home","item":"https:\/\/www.icelandiclamb.is\/is\/"},{"@type":"ListItem","position":2,"name":"Pers\u00f3nuverndarstefna"}]},{"@type":"WebSite","@id":"https:\/\/www.icelandiclamb.is\/is\/#website","url":"https:\/\/www.icelandiclamb.is\/is\/","name":"Icelandic Lamb","description":"","publisher":{"@id":"https:\/\/www.icelandiclamb.is\/is\/#organization"},"potentialAction":[{"@type":"SearchAction","target":{"@type":"EntryPoint","urlTemplate":"https:\/\/www.icelandiclamb.is\/is\/?s={search_term_string}"},"query-input":{"@type":"PropertyValueSpecification","valueRequired":true,"valueName":"search_term_string"}}],"inLanguage":"is"},{"@type":"Organization","@id":"https:\/\/www.icelandiclamb.is\/is\/#organization","name":"Icelandic Lamb","url":"https:\/\/www.icelandiclamb.is\/is\/","logo":{"@type":"ImageObject","inLanguage":"is","@id":"https:\/\/www.icelandiclamb.is\/is\/#\/schema\/logo\/image\/","url":"https:\/\/www.icelandiclamb.is\/wp-content\/uploads\/2020\/02\/icelandic-lamb-logo-white.png","contentUrl":"https:\/\/www.icelandiclamb.is\/wp-content\/uploads\/2020\/02\/icelandic-lamb-logo-white.png","width":250,"height":201,"caption":"Icelandic Lamb"},"image":{"@id":"https:\/\/www.icelandiclamb.is\/is\/#\/schema\/logo\/image\/"}}]}},"_links":{"self":[{"href":"https:\/\/www.icelandiclamb.is\/is\/wp-json\/wp\/v2\/pages\/3649","targetHints":{"allow":["GET"]}}],"collection":[{"href":"https:\/\/www.icelandiclamb.is\/is\/wp-json\/wp\/v2\/pages"}],"about":[{"href":"https:\/\/www.icelandiclamb.is\/is\/wp-json\/wp\/v2\/types\/page"}],"author":[{"embeddable":true,"href":"https:\/\/www.icelandiclamb.is\/is\/wp-json\/wp\/v2\/users\/6"}],"replies":[{"embeddable":true,"href":"https:\/\/www.icelandiclamb.is\/is\/wp-json\/wp\/v2\/comments?post=3649"}],"version-history":[{"count":0,"href":"https:\/\/www.icelandiclamb.is\/is\/wp-json\/wp\/v2\/pages\/3649\/revisions"}],"wp:attachment":[{"href":"https:\/\/www.icelandiclamb.is\/is\/wp-json\/wp\/v2\/media?parent=3649"}],"curies":[{"name":"wp","href":"https:\/\/api.w.org\/{rel}","templated":true}]}}